{"id":40,"date":"2026-03-01T16:24:14","date_gmt":"2026-03-01T16:24:14","guid":{"rendered":"http:\/\/nelsignature.com\/?page_id=40"},"modified":"2026-03-24T14:41:00","modified_gmt":"2026-03-24T14:41:00","slug":"services","status":"publish","type":"page","link":"https:\/\/nelsignature.com\/en\/services\/","title":{"rendered":"Services"},"content":{"rendered":"<div data-elementor-type=\"wp-page\" data-elementor-id=\"40\" class=\"elementor elementor-40\">\n\t\t\t\t<div class=\"elementor-element elementor-element-d256d15 e-flex e-con-boxed e-con e-parent\" data-id=\"d256d15\" data-element_type=\"container\" data-e-type=\"container\">\n\t\t\t\t\t<div class=\"e-con-inner\">\n\t\t<div class=\"elementor-element elementor-element-a2edba1 e-con-full e-flex e-con e-child\" data-id=\"a2edba1\" data-element_type=\"container\" data-e-type=\"container\" data-settings=\"{&quot;background_background&quot;:&quot;classic&quot;}\">\n\t\t\t\t<div class=\"elementor-element elementor-element-247f7de elementor-widget elementor-widget-heading\" data-id=\"247f7de\" data-element_type=\"widget\" data-e-type=\"widget\" data-widget_type=\"heading.default\">\n\t\t\t\t\t<h2 class=\"elementor-heading-title elementor-size-default\">Service de Conciergerie<\/h2>\t\t\t\t<\/div>\n\t\t\t\t<div class=\"elementor-element elementor-element-adb74fc elementor-widget__width-initial elementor-widget elementor-widget-heading\" data-id=\"adb74fc\" data-element_type=\"widget\" data-e-type=\"widget\" data-widget_type=\"heading.default\">\n\t\t\t\t\t<h1 class=\"elementor-heading-title elementor-size-default\">Nos diff\u00e9rents services<\/h1>\t\t\t\t<\/div>\n\t\t\t\t<div class=\"elementor-element elementor-element-cad07ef elementor-widget elementor-widget-text-editor\" data-id=\"cad07ef\" data-element_type=\"widget\" data-e-type=\"widget\" data-widget_type=\"text-editor.default\">\n\t\t\t\t\t\t\t\t\t<p class=\"p1\"><span class=\"s1\">Au sein de notre conciergerie priv\u00e9e, nous pla\u00e7ons l\u2019excellence, la discr\u00e9tion et la r\u00e9activit\u00e9 au c\u0153ur de chacune de nos prestations.<\/span><\/p><p class=\"p1\"><span class=\"s1\">Destin\u00e9s \u00e0 une client\u00e8le exigeante, nos services sont pens\u00e9s pour offrir une prise en charge compl\u00e8te, personnalis\u00e9e et parfaitement adapt\u00e9e \u00e0 votre style de vie.<\/span><\/p><p class=\"p1\"><span class=\"s1\">De la gestion int\u00e9grale de votre r\u00e9sidence avec notre <\/span><span class=\"s2\">House Manager<\/span><span class=\"s1\">, \u00e0 vos d\u00e9placements assur\u00e9s par un <\/span><span class=\"s2\">Private Driver<\/span><span class=\"s1\">, en passant par l\u2019accompagnement sur mesure de votre <\/span><span class=\"s2\">Personal Assistant<\/span><span class=\"s1\"> et l\u2019organisation rigoureuse de vos r\u00e9servations via notre <\/span><span class=\"s2\">Booking Service professionnel<\/span><span class=\"s1\">, chaque d\u00e9tail est orchestr\u00e9 avec pr\u00e9cision et \u00e9l\u00e9gance.<\/span><\/p><p class=\"p1\"><span class=\"s1\">Parce que vos besoins peuvent d\u00e9passer le cadre des prestations classiques, nous traitons \u00e9galement toute demande sp\u00e9cifique avec la plus grande confidentialit\u00e9 et un engagement absolu envers votre satisfaction.<\/span><\/p><p class=\"p1\"><span class=\"s1\">D\u00e9couvrez ci-dessous l\u2019ensemble de nos services d\u00e9di\u00e9s \u00e0 votre confort et \u00e0 votre tranquillit\u00e9 d\u2019esprit.<\/span><\/p>\t\t\t\t\t\t\t\t<\/div>\n\t\t\t\t<div class=\"elementor-element elementor-element-f8b8032 elementor-align-center elementor-widget elementor-widget-button\" data-id=\"f8b8032\" data-element_type=\"widget\" data-e-type=\"widget\" data-widget_type=\"button.default\">\n\t\t\t\t\t\t\t\t\t\t<a class=\"elementor-button elementor-button-link elementor-size-sm\" href=\"http:\/\/nelsignature.com\/en\/contact\/\" target=\"_blank\" 0041764100591=\"\">\n\t\t\t\t\t\t<span class=\"elementor-button-content-wrapper\">\n\t\t\t\t\t\t<span class=\"elementor-button-icon\">\n\t\t\t\t<svg aria-hidden=\"true\" class=\"e-font-icon-svg e-fab-whatsapp\" viewbox=\"0 0 448 512\" xmlns=\"http:\/\/www.w3.org\/2000\/svg\"><path d=\"M380.9 97.1C339 55.1 283.2 32 223.9 32c-122.4 0-222 99.6-222 222 0 39.1 10.2 77.3 29.6 111L0 480l117.7-30.9c32.4 17.7 68.9 27 106.1 27h.1c122.3 0 224.1-99.6 224.1-222 0-59.3-25.2-115-67.1-157zm-157 341.6c-33.2 0-65.7-8.9-94-25.7l-6.7-4-69.8 18.3L72 359.2l-4.4-7c-18.5-29.4-28.2-63.3-28.2-98.2 0-101.7 82.8-184.5 184.6-184.5 49.3 0 95.6 19.2 130.4 54.1 34.8 34.9 56.2 81.2 56.1 130.5 0 101.8-84.9 184.6-186.6 184.6zm101.2-138.2c-5.5-2.8-32.8-16.2-37.9-18-5.1-1.9-8.8-2.8-12.5 2.8-3.7 5.6-14.3 18-17.6 21.8-3.2 3.7-6.5 4.2-12 1.4-32.6-16.3-54-29.1-75.5-66-5.7-9.8 5.7-9.1 16.3-30.3 1.8-3.7.9-6.9-.5-9.7-1.4-2.8-12.5-30.1-17.1-41.2-4.5-10.8-9.1-9.3-12.5-9.5-3.2-.2-6.9-.2-10.6-.2-3.7 0-9.7 1.4-14.8 6.9-5.1 5.6-19.4 19-19.4 46.3 0 27.3 19.9 53.7 22.6 57.4 2.8 3.7 39.1 59.7 94.8 83.8 35.2 15.2 49 16.5 66.6 13.9 10.7-1.6 32.8-13.4 37.4-26.4 4.6-13 4.6-24.1 3.2-26.4-1.3-2.5-5-3.9-10.5-6.6z\"><\/path><\/svg>\t\t\t<\/span>\n\t\t\t\t\t\t\t\t\t<span class=\"elementor-button-text\">Contactez-nous ...<\/span>\n\t\t\t\t\t<\/span>\n\t\t\t\t\t<\/a>\n\t\t\t\t\t\t\t\t<\/div>\n\t\t\t\t<\/div>\n\t\t\t\t\t<\/div>\n\t\t\t\t<\/div>\n\t\t<div class=\"elementor-element elementor-element-aaa6f9b e-flex e-con-boxed e-con e-parent\" data-id=\"aaa6f9b\" data-element_type=\"container\" data-e-type=\"container\">\n\t\t\t\t\t<div class=\"e-con-inner\">\n\t\t<div class=\"elementor-element elementor-element-011947e e-con-full e-flex e-con e-child\" data-id=\"011947e\" data-element_type=\"container\" data-e-type=\"container\" data-settings=\"{&quot;background_background&quot;:&quot;classic&quot;}\">\n\t\t<div class=\"elementor-element elementor-element-7444ef8 e-con-full e-flex e-con e-child\" data-id=\"7444ef8\" data-element_type=\"container\" data-e-type=\"container\">\n\t\t\t\t<div class=\"elementor-element elementor-element-7d00c0d elementor-widget elementor-widget-image\" data-id=\"7d00c0d\" data-element_type=\"widget\" data-e-type=\"widget\" data-widget_type=\"image.default\">\n\t\t\t\t\t\t\t\t\t\t\t\t\t\t\t<img decoding=\"async\" src=\"https:\/\/nelsignature.com\/wp-content\/uploads\/2026\/03\/3A3A4000-4934-4130-9881-7A133390AE8F.png\" title=\"3A3A4000-4934-4130-9881-7A133390AE8F\" alt=\"3A3A4000-4934-4130-9881-7A133390AE8F\" loading=\"lazy\" \/>\t\t\t\t\t\t\t\t\t\t\t\t\t\t\t<\/div>\n\t\t\t\t<div class=\"elementor-element elementor-element-c527e35 elementor-widget elementor-widget-heading\" data-id=\"c527e35\" data-element_type=\"widget\" data-e-type=\"widget\" data-widget_type=\"heading.default\">\n\t\t\t\t\t<h3 class=\"elementor-heading-title elementor-size-default\">House Manager<\/h3>\t\t\t\t<\/div>\n\t\t\t\t<div class=\"elementor-element elementor-element-0a89a44 elementor-widget elementor-widget-text-editor\" data-id=\"0a89a44\" data-element_type=\"widget\" data-e-type=\"widget\" data-widget_type=\"text-editor.default\">\n\t\t\t\t\t\t\t\t\t<p>House Manager exp\u00e9riment\u00e9 assurant la gestion compl\u00e8te et le bon fonctionnement de votre r\u00e9sidence. Coordination du personnel, organisation, maintenance et discr\u00e9tion pour un service haut de gamme sur mesure.<\/p>\t\t\t\t\t\t\t\t<\/div>\n\t\t\t\t<div class=\"elementor-element elementor-element-9064473 elementor-button-info elementor-align-center elementor-widget elementor-widget-button\" data-id=\"9064473\" data-element_type=\"widget\" data-e-type=\"widget\" data-widget_type=\"button.default\">\n\t\t\t\t\t\t\t\t\t\t<a class=\"elementor-button elementor-button-link elementor-size-sm\" href=\"#\">\n\t\t\t\t\t\t<span class=\"elementor-button-content-wrapper\">\n\t\t\t\t\t\t\t\t\t<span class=\"elementor-button-text\">En savoir plus ...<\/span>\n\t\t\t\t\t<\/span>\n\t\t\t\t\t<\/a>\n\t\t\t\t\t\t\t\t<\/div>\n\t\t\t\t<\/div>\n\t\t<div class=\"elementor-element elementor-element-9d99c51 e-con-full e-flex e-con e-child\" data-id=\"9d99c51\" data-element_type=\"container\" data-e-type=\"container\">\n\t\t\t\t<div class=\"elementor-element elementor-element-31e1680 elementor-widget elementor-widget-image\" data-id=\"31e1680\" data-element_type=\"widget\" data-e-type=\"widget\" data-widget_type=\"image.default\">\n\t\t\t\t\t\t\t\t\t\t\t\t\t\t\t<img decoding=\"async\" src=\"https:\/\/nelsignature.com\/wp-content\/uploads\/2026\/03\/IMG_3917.avif\" title=\"IMG_3917\" alt=\"IMG_3917\" loading=\"lazy\" \/>\t\t\t\t\t\t\t\t\t\t\t\t\t\t\t<\/div>\n\t\t\t\t<div class=\"elementor-element elementor-element-22965b0 elementor-widget elementor-widget-heading\" data-id=\"22965b0\" data-element_type=\"widget\" data-e-type=\"widget\" data-widget_type=\"heading.default\">\n\t\t\t\t\t<h3 class=\"elementor-heading-title elementor-size-default\">Private driver<\/h3>\t\t\t\t<\/div>\n\t\t\t\t<div class=\"elementor-element elementor-element-b9e217f elementor-widget elementor-widget-text-editor\" data-id=\"b9e217f\" data-element_type=\"widget\" data-e-type=\"widget\" data-widget_type=\"text-editor.default\">\n\t\t\t\t\t\t\t\t\t<p>Chauffeur priv\u00e9 professionnel offrant des trajets confortables, ponctuels et s\u00e9curis\u00e9s. Service haut de gamme pour vos d\u00e9placements priv\u00e9s ou professionnels avec discr\u00e9tion et courtoisie.<\/p>\t\t\t\t\t\t\t\t<\/div>\n\t\t\t\t<div class=\"elementor-element elementor-element-418b336 elementor-button-info elementor-align-center elementor-widget elementor-widget-button\" data-id=\"418b336\" data-element_type=\"widget\" data-e-type=\"widget\" data-widget_type=\"button.default\">\n\t\t\t\t\t\t\t\t\t\t<a class=\"elementor-button elementor-button-link elementor-size-sm\" href=\"#\">\n\t\t\t\t\t\t<span class=\"elementor-button-content-wrapper\">\n\t\t\t\t\t\t\t\t\t<span class=\"elementor-button-text\">En savoir plus ...<\/span>\n\t\t\t\t\t<\/span>\n\t\t\t\t\t<\/a>\n\t\t\t\t\t\t\t\t<\/div>\n\t\t\t\t<\/div>\n\t\t<div class=\"elementor-element elementor-element-abe18ff e-con-full e-flex e-con e-child\" data-id=\"abe18ff\" data-element_type=\"container\" data-e-type=\"container\">\n\t\t\t\t<div class=\"elementor-element elementor-element-9f65086 elementor-widget elementor-widget-image\" data-id=\"9f65086\" data-element_type=\"widget\" data-e-type=\"widget\" data-widget_type=\"image.default\">\n\t\t\t\t\t\t\t\t\t\t\t\t\t\t\t<img decoding=\"async\" src=\"https:\/\/nelsignature.com\/wp-content\/uploads\/2026\/03\/5E7B5F85-DBC4-4797-B3ED-4984E5B0DAFA.png\" title=\"5E7B5F85-DBC4-4797-B3ED-4984E5B0DAFA\" alt=\"5E7B5F85-DBC4-4797-B3ED-4984E5B0DAFA\" loading=\"lazy\" \/>\t\t\t\t\t\t\t\t\t\t\t\t\t\t\t<\/div>\n\t\t\t\t<div class=\"elementor-element elementor-element-bc35744 elementor-widget elementor-widget-heading\" data-id=\"bc35744\" data-element_type=\"widget\" data-e-type=\"widget\" data-widget_type=\"heading.default\">\n\t\t\t\t\t<h3 class=\"elementor-heading-title elementor-size-default\">Personnal assistant<\/h3>\t\t\t\t<\/div>\n\t\t\t\t<div class=\"elementor-element elementor-element-d98f7a4 elementor-widget elementor-widget-text-editor\" data-id=\"d98f7a4\" data-element_type=\"widget\" data-e-type=\"widget\" data-widget_type=\"text-editor.default\">\n\t\t\t\t\t\t\t\t\t<p class=\"p1\"><span class=\"s1\">Assistant personnel professionnel<\/span><span class=\"s2\"> offrant un soutien efficace et discret dans la gestion de vos t\u00e2ches quotidiennes et professionnelles. Organisation, r\u00e9activit\u00e9 et fiabilit\u00e9 \u00e0 votre service.<\/span><\/p>\t\t\t\t\t\t\t\t<\/div>\n\t\t\t\t<div class=\"elementor-element elementor-element-79b63bc elementor-align-center elementor-widget elementor-widget-button\" data-id=\"79b63bc\" data-element_type=\"widget\" data-e-type=\"widget\" data-widget_type=\"button.default\">\n\t\t\t\t\t\t\t\t\t\t<a class=\"elementor-button elementor-button-link elementor-size-sm\" href=\"#\">\n\t\t\t\t\t\t<span class=\"elementor-button-content-wrapper\">\n\t\t\t\t\t\t\t\t\t<span class=\"elementor-button-text\">En savoir plus ...<\/span>\n\t\t\t\t\t<\/span>\n\t\t\t\t\t<\/a>\n\t\t\t\t\t\t\t\t<\/div>\n\t\t\t\t<\/div>\n\t\t<div class=\"elementor-element elementor-element-f321d4c e-con-full e-flex e-con e-child\" data-id=\"f321d4c\" data-element_type=\"container\" data-e-type=\"container\">\n\t\t\t\t<div class=\"elementor-element elementor-element-c1b32b2 elementor-widget elementor-widget-image\" data-id=\"c1b32b2\" data-element_type=\"widget\" data-e-type=\"widget\" data-widget_type=\"image.default\">\n\t\t\t\t\t\t\t\t\t\t\t\t\t\t\t<img decoding=\"async\" src=\"https:\/\/nelsignature.com\/wp-content\/uploads\/2026\/03\/9A9C8EE5-A06D-444F-941A-8820583DB699-2.png\" title=\"9A9C8EE5-A06D-444F-941A-8820583DB699 2\" alt=\"9A9C8EE5-A06D-444F-941A-8820583DB699 2\" loading=\"lazy\" \/>\t\t\t\t\t\t\t\t\t\t\t\t\t\t\t<\/div>\n\t\t\t\t<div class=\"elementor-element elementor-element-b23918b elementor-widget elementor-widget-heading\" data-id=\"b23918b\" data-element_type=\"widget\" data-e-type=\"widget\" data-widget_type=\"heading.default\">\n\t\t\t\t\t<h3 class=\"elementor-heading-title elementor-size-default\">Professional booking service <\/h3>\t\t\t\t<\/div>\n\t\t\t\t<div class=\"elementor-element elementor-element-a9520f9 elementor-widget elementor-widget-text-editor\" data-id=\"a9520f9\" data-element_type=\"widget\" data-e-type=\"widget\" data-widget_type=\"text-editor.default\">\n\t\t\t\t\t\t\t\t\t<p>Services de r\u00e9servation haut de gamme g\u00e9rant vos restaurants, h\u00f4tels, transports et \u00e9v\u00e9nements avec pr\u00e9cision, r\u00e9activit\u00e9 et un sens du d\u00e9tail irr\u00e9prochable.<\/p>\t\t\t\t\t\t\t\t<\/div>\n\t\t\t\t<div class=\"elementor-element elementor-element-a2ebd7a elementor-align-center elementor-widget elementor-widget-button\" data-id=\"a2ebd7a\" data-element_type=\"widget\" data-e-type=\"widget\" data-widget_type=\"button.default\">\n\t\t\t\t\t\t\t\t\t\t<a class=\"elementor-button elementor-button-link elementor-size-sm\" href=\"#\">\n\t\t\t\t\t\t<span class=\"elementor-button-content-wrapper\">\n\t\t\t\t\t\t\t\t\t<span class=\"elementor-button-text\">En savoir plus ...<\/span>\n\t\t\t\t\t<\/span>\n\t\t\t\t\t<\/a>\n\t\t\t\t\t\t\t\t<\/div>\n\t\t\t\t<\/div>\n\t\t\t\t<\/div>\n\t\t\t\t\t<\/div>\n\t\t\t\t<\/div>\n\t\t\t\t<\/div>","protected":false},"excerpt":{"rendered":"<p>Service de Conciergerie Nos diff\u00e9rents services Au sein de notre conciergerie priv\u00e9e, nous pla\u00e7ons l\u2019excellence, la discr\u00e9tion et la r\u00e9activit\u00e9 [&hellip;]<\/p>\n","protected":false},"author":1,"featured_media":0,"parent":0,"menu_order":0,"comment_status":"closed","ping_status":"closed","template":"","meta":{"site-sidebar-layout":"no-sidebar","site-content-layout":"","ast-site-content-layout":"full-width-container","site-content-style":"default","site-sidebar-style":"default","ast-global-header-display":"","ast-banner-title-visibility":"","ast-main-header-display":"","ast-hfb-above-header-display":"","ast-hfb-below-header-display":"","ast-hfb-mobile-header-display":"","site-post-title":"disabled","ast-breadcrumbs-content":"","ast-featured-img":"disabled","footer-sml-layout":"","ast-disable-related-posts":"","theme-transparent-header-meta":"","adv-header-id-meta":"","stick-header-meta":"","header-above-stick-meta":"","header-main-stick-meta":"","header-below-stick-meta":"","astra-migrate-meta-layouts":"default","ast-page-background-enabled":"default","ast-page-background-meta":{"desktop":{"background-color":"var(--ast-global-color-5)","background-image":"","background-repeat":"repeat","background-position":"center center","background-size":"auto","background-attachment":"scroll","background-type":"","background-media":"","overlay-type":"","overlay-color":"","overlay-opacity":"","overlay-gradient":""},"tablet":{"background-color":"","background-image":"","background-repeat":"repeat","background-position":"center center","background-size":"auto","background-attachment":"scroll","background-type":"","background-media":"","overlay-type":"","overlay-color":"","overlay-opacity":"","overlay-gradient":""},"mobile":{"background-color":"","background-image":"","background-repeat":"repeat","background-position":"center center","background-size":"auto","background-attachment":"scroll","background-type":"","background-media":"","overlay-type":"","overlay-color":"","overlay-opacity":"","overlay-gradient":""}},"ast-content-background-meta":{"desktop":{"background-color":"var(--ast-global-color-4)","background-image":"","background-repeat":"repeat","background-position":"center center","background-size":"auto","background-attachment":"scroll","background-type":"","background-media":"","overlay-type":"","overlay-color":"","overlay-opacity":"","overlay-gradient":""},"tablet":{"background-color":"var(--ast-global-color-4)","background-image":"","background-repeat":"repeat","background-position":"center center","background-size":"auto","background-attachment":"scroll","background-type":"","background-media":"","overlay-type":"","overlay-color":"","overlay-opacity":"","overlay-gradient":""},"mobile":{"background-color":"var(--ast-global-color-4)","background-image":"","background-repeat":"repeat","background-position":"center center","background-size":"auto","background-attachment":"scroll","background-type":"","background-media":"","overlay-type":"","overlay-color":"","overlay-opacity":"","overlay-gradient":""}},"footnotes":""},"class_list":["post-40","page","type-page","status-publish","hentry"],"_links":{"self":[{"href":"https:\/\/nelsignature.com\/en\/wp-json\/wp\/v2\/pages\/40","targetHints":{"allow":["GET"]}}],"collection":[{"href":"https:\/\/nelsignature.com\/en\/wp-json\/wp\/v2\/pages"}],"about":[{"href":"https:\/\/nelsignature.com\/en\/wp-json\/wp\/v2\/types\/page"}],"author":[{"embeddable":true,"href":"https:\/\/nelsignature.com\/en\/wp-json\/wp\/v2\/users\/1"}],"replies":[{"embeddable":true,"href":"https:\/\/nelsignature.com\/en\/wp-json\/wp\/v2\/comments?post=40"}],"version-history":[{"count":38,"href":"https:\/\/nelsignature.com\/en\/wp-json\/wp\/v2\/pages\/40\/revisions"}],"predecessor-version":[{"id":298,"href":"https:\/\/nelsignature.com\/en\/wp-json\/wp\/v2\/pages\/40\/revisions\/298"}],"wp:attachment":[{"href":"https:\/\/nelsignature.com\/en\/wp-json\/wp\/v2\/media?parent=40"}],"curies":[{"name":"wp","href":"https:\/\/api.w.org\/{rel}","templated":true}]}}