{"id":37,"date":"2026-03-01T16:22:22","date_gmt":"2026-03-01T16:22:22","guid":{"rendered":"http:\/\/nelsignature.com\/?page_id=37"},"modified":"2026-03-24T11:04:45","modified_gmt":"2026-03-24T11:04:45","slug":"accueil","status":"publish","type":"page","link":"https:\/\/nelsignature.com\/en\/","title":{"rendered":"Accueil"},"content":{"rendered":"<h2>Service de Conciergerie<\/h2>\n<h1>Votre concierge au coeur de Courchevel<\/h1>\n<p>\u00c0 Courchevel, vivez l\u2019excellence d\u2019un s\u00e9jour enti\u00e8rement sur-mesure gr\u00e2ce \u00e0 notre conciergerie priv\u00e9e d\u00e9di\u00e9e aux exp\u00e9riences d\u2019exception.<\/p>\n<p>Nous orchestrons chaque d\u00e9tail avec discr\u00e9tion et pr\u00e9cision pour transformer votre s\u00e9jour en un moment unique et inoubliable.<\/p>\n<p>\t\t\t\t\t\t\t\t<a href=\"https:\/\/wa.me\/41764100591\" target=\"_blank\" 0041764100591=\"\" rel=\"noopener\"><br \/>\n\t\t\t\t<svg aria-hidden=\"true\" viewbox=\"0 0 448 512\" xmlns=\"http:\/\/www.w3.org\/2000\/svg\"><path d=\"M380.9 97.1C339 55.1 283.2 32 223.9 32c-122.4 0-222 99.6-222 222 0 39.1 10.2 77.3 29.6 111L0 480l117.7-30.9c32.4 17.7 68.9 27 106.1 27h.1c122.3 0 224.1-99.6 224.1-222 0-59.3-25.2-115-67.1-157zm-157 341.6c-33.2 0-65.7-8.9-94-25.7l-6.7-4-69.8 18.3L72 359.2l-4.4-7c-18.5-29.4-28.2-63.3-28.2-98.2 0-101.7 82.8-184.5 184.6-184.5 49.3 0 95.6 19.2 130.4 54.1 34.8 34.9 56.2 81.2 56.1 130.5 0 101.8-84.9 184.6-186.6 184.6zm101.2-138.2c-5.5-2.8-32.8-16.2-37.9-18-5.1-1.9-8.8-2.8-12.5 2.8-3.7 5.6-14.3 18-17.6 21.8-3.2 3.7-6.5 4.2-12 1.4-32.6-16.3-54-29.1-75.5-66-5.7-9.8 5.7-9.1 16.3-30.3 1.8-3.7.9-6.9-.5-9.7-1.4-2.8-12.5-30.1-17.1-41.2-4.5-10.8-9.1-9.3-12.5-9.5-3.2-.2-6.9-.2-10.6-.2-3.7 0-9.7 1.4-14.8 6.9-5.1 5.6-19.4 19-19.4 46.3 0 27.3 19.9 53.7 22.6 57.4 2.8 3.7 39.1 59.7 94.8 83.8 35.2 15.2 49 16.5 66.6 13.9 10.7-1.6 32.8-13.4 37.4-26.4 4.6-13 4.6-24.1 3.2-26.4-1.3-2.5-5-3.9-10.5-6.6z\"><\/path><\/svg><br \/>\n\t\t\t\t\t\t\t\t\tContactez-nous &#8230;<br \/>\n\t\t\t\t\t<\/a><\/p>\n<h2>\u00c0 propos<\/h2>\n<p style=\"caret-color: #000000; color: #000000; font-style: normal;\">\u00c0 Courchevel, l\u2019excellence est un art de vivre. Notre conciergerie priv\u00e9e vous ouvre les portes d\u2019un service enti\u00e8rement sur-mesure, pens\u00e9 pour une client\u00e8le exigeante.<\/p>\n<p style=\"caret-color: #000000; color: #000000; font-style: normal;\">R\u00e9servations exclusives, transferts priv\u00e9s, chef \u00e0 domicile, exp\u00e9riences VIP, organisation d\u2019\u00e9v\u00e9nements\u2026 Nous orchestrons chaque d\u00e9tail avec discr\u00e9tion, r\u00e9activit\u00e9 et pr\u00e9cision.<\/p>\n<p style=\"caret-color: #000000; color: #000000; font-style: normal;\">Un seul interlocuteur, une disponibilit\u00e9 7j\/7, une exigence absolue : faire de votre s\u00e9jour \u00e0\u00a0 Courchevel une exp\u00e9rience fluide, \u00e9l\u00e9gante et inoubliable.<\/p>\n<p>\t\t\t\t\t\t\t\t<a href=\"#\"><br \/>\n\t\t\t\t\t\t\t\t\tEn savoir plus<br \/>\n\t\t\t\t\t<\/a><br \/>\n\t\t\t\t\t\t\t\t\t\t\t\t\t\t\t\t\t\t\t<img fetchpriority=\"high\" decoding=\"async\" width=\"1024\" height=\"683\" src=\"http:\/\/nelsignature.com\/wp-content\/uploads\/2026\/03\/5E7B5F85-DBC4-4797-B3ED-4984E5B0DAFA-1024x683.png\" alt=\"\" srcset=\"http:\/\/nelsignature.com\/wp-content\/uploads\/2026\/03\/5E7B5F85-DBC4-4797-B3ED-4984E5B0DAFA-1024x683.png 1024w, http:\/\/nelsignature.com\/wp-content\/uploads\/2026\/03\/5E7B5F85-DBC4-4797-B3ED-4984E5B0DAFA-300x200.png 300w, http:\/\/nelsignature.com\/wp-content\/uploads\/2026\/03\/5E7B5F85-DBC4-4797-B3ED-4984E5B0DAFA-768x512.png 768w, http:\/\/nelsignature.com\/wp-content\/uploads\/2026\/03\/5E7B5F85-DBC4-4797-B3ED-4984E5B0DAFA.png 1536w\" sizes=\"(max-width: 1024px) 100vw, 1024px\" \/><\/p>","protected":false},"excerpt":{"rendered":"<p>Service de Conciergerie Votre concierge au coeur de Courchevel \u00c0 Courchevel, vivez l\u2019excellence d\u2019un s\u00e9jour enti\u00e8rement sur-mesure gr\u00e2ce \u00e0 notre [&hellip;]<\/p>\n","protected":false},"author":1,"featured_media":0,"parent":0,"menu_order":0,"comment_status":"closed","ping_status":"closed","template":"","meta":{"site-sidebar-layout":"no-sidebar","site-content-layout":"","ast-site-content-layout":"full-width-container","site-content-style":"default","site-sidebar-style":"default","ast-global-header-display":"","ast-banner-title-visibility":"","ast-main-header-display":"","ast-hfb-above-header-display":"","ast-hfb-below-header-display":"","ast-hfb-mobile-header-display":"","site-post-title":"disabled","ast-breadcrumbs-content":"","ast-featured-img":"disabled","footer-sml-layout":"","ast-disable-related-posts":"","theme-transparent-header-meta":"","adv-header-id-meta":"","stick-header-meta":"","header-above-stick-meta":"","header-main-stick-meta":"","header-below-stick-meta":"","astra-migrate-meta-layouts":"default","ast-page-background-enabled":"default","ast-page-background-meta":{"desktop":{"background-color":"var(--ast-global-color-5)","background-image":"","background-repeat":"repeat","background-position":"center center","background-size":"auto","background-attachment":"scroll","background-type":"","background-media":"","overlay-type":"","overlay-color":"","overlay-opacity":"","overlay-gradient":""},"tablet":{"background-color":"","background-image":"","background-repeat":"repeat","background-position":"center center","background-size":"auto","background-attachment":"scroll","background-type":"","background-media":"","overlay-type":"","overlay-color":"","overlay-opacity":"","overlay-gradient":""},"mobile":{"background-color":"","background-image":"","background-repeat":"repeat","background-position":"center center","background-size":"auto","background-attachment":"scroll","background-type":"","background-media":"","overlay-type":"","overlay-color":"","overlay-opacity":"","overlay-gradient":""}},"ast-content-background-meta":{"desktop":{"background-color":"var(--ast-global-color-4)","background-image":"","background-repeat":"repeat","background-position":"center center","background-size":"auto","background-attachment":"scroll","background-type":"","background-media":"","overlay-type":"","overlay-color":"","overlay-opacity":"","overlay-gradient":""},"tablet":{"background-color":"var(--ast-global-color-4)","background-image":"","background-repeat":"repeat","background-position":"center center","background-size":"auto","background-attachment":"scroll","background-type":"","background-media":"","overlay-type":"","overlay-color":"","overlay-opacity":"","overlay-gradient":""},"mobile":{"background-color":"var(--ast-global-color-4)","background-image":"","background-repeat":"repeat","background-position":"center center","background-size":"auto","background-attachment":"scroll","background-type":"","background-media":"","overlay-type":"","overlay-color":"","overlay-opacity":"","overlay-gradient":""}},"footnotes":""},"class_list":["post-37","page","type-page","status-publish","hentry"],"_links":{"self":[{"href":"https:\/\/nelsignature.com\/en\/wp-json\/wp\/v2\/pages\/37","targetHints":{"allow":["GET"]}}],"collection":[{"href":"https:\/\/nelsignature.com\/en\/wp-json\/wp\/v2\/pages"}],"about":[{"href":"https:\/\/nelsignature.com\/en\/wp-json\/wp\/v2\/types\/page"}],"author":[{"embeddable":true,"href":"https:\/\/nelsignature.com\/en\/wp-json\/wp\/v2\/users\/1"}],"replies":[{"embeddable":true,"href":"https:\/\/nelsignature.com\/en\/wp-json\/wp\/v2\/comments?post=37"}],"version-history":[{"count":68,"href":"https:\/\/nelsignature.com\/en\/wp-json\/wp\/v2\/pages\/37\/revisions"}],"predecessor-version":[{"id":286,"href":"https:\/\/nelsignature.com\/en\/wp-json\/wp\/v2\/pages\/37\/revisions\/286"}],"wp:attachment":[{"href":"https:\/\/nelsignature.com\/en\/wp-json\/wp\/v2\/media?parent=37"}],"curies":[{"name":"wp","href":"https:\/\/api.w.org\/{rel}","templated":true}]}}